{"id":593,"date":"2024-06-13T14:29:35","date_gmt":"2024-06-13T12:29:35","guid":{"rendered":"http:\/\/casatartini.com\/?page_id=593"},"modified":"2024-06-17T15:10:46","modified_gmt":"2024-06-17T13:10:46","slug":"biblioteche-2","status":"publish","type":"page","link":"https:\/\/casatartini.com\/sl\/biblioteche-2\/","title":{"rendered":"Chi siamo"},"content":{"rendered":"<div data-elementor-type=\"wp-page\" data-elementor-id=\"593\" class=\"elementor elementor-593\" data-elementor-post-type=\"page\">\n\t\t\t\t<div class=\"elementor-element elementor-element-4d39514 e-flex e-con-boxed e-con e-parent\" data-id=\"4d39514\" data-element_type=\"container\" data-settings=\"{&quot;background_background&quot;:&quot;classic&quot;}\">\n\t\t\t\t\t<div class=\"e-con-inner\">\n\t\t<div class=\"elementor-element elementor-element-71c7295 e-con-full e-flex e-con e-child\" data-id=\"71c7295\" data-element_type=\"container\">\n\t\t\t\t<div class=\"elementor-element elementor-element-870ff8d elementor-widget__width-inherit elementor-widget elementor-widget-text-editor\" data-id=\"870ff8d\" data-element_type=\"widget\" data-widget_type=\"text-editor.default\">\n\t\t\t\t<div class=\"elementor-widget-container\">\n\t\t\t<style>\/*! elementor - v3.21.0 - 26-05-2024 *\/\n.elementor-widget-text-editor.elementor-drop-cap-view-stacked .elementor-drop-cap{background-color:#69727d;color:#fff}.elementor-widget-text-editor.elementor-drop-cap-view-framed .elementor-drop-cap{color:#69727d;border:3px solid;background-color:transparent}.elementor-widget-text-editor:not(.elementor-drop-cap-view-default) .elementor-drop-cap{margin-top:8px}.elementor-widget-text-editor:not(.elementor-drop-cap-view-default) .elementor-drop-cap-letter{width:1em;height:1em}.elementor-widget-text-editor .elementor-drop-cap{float:left;text-align:center;line-height:1;font-size:50px}.elementor-widget-text-editor .elementor-drop-cap-letter{display:inline-block}<\/style>\t\t\t\t<h2>Casa Tartini: kako je nastala<\/h2><p>Rojstna hi\u0161a Giuseppeja Tartinija se nahaja na glavnem trgu mesta Piran, ki je posve\u010deno njemu, in je bila zgrajena na temeljih prej\u0161nje gotske stavbe, ki jo je v 14. stoletju zgradila dru\u017eina piranskih trgovcev in ladjarjev. V 18. stoletju je bila stavba pod vodstvom dru\u017eine Zangrando, materine strani piranskega skladatelja, popolnoma obnovljena in raz\u0161irjena v baro\u010dnem slogu tistega \u010dasa. Leta 1685 sta se tu poro\u010dila Caterina Zangrando iz Pirana in Giovanni Antonio Tartini iz Firenc, pisar v Piranu v imenu Bene\u0161ke republike. Ta polo\u017eaj je omogo\u010dil o\u010detu Giuseppeja<br \/>pridobiti veliko gospodarsko bogastvo in pomemben politi\u010dni vpliv, kar je dru\u017eini Tartini omogo\u010dilo, da je pala\u010do \u0161e dodatno raz\u0161irila, dokler ni dosegla oblike, ki jo ima \u0161e danes, vklju\u010dno z bogatimi<br \/>notranja dekoracija. Stukature in stenske poslikave pa so v neoklasicisti\u010dnem slogu in so bile izvedene na \u017eeljo Pietra Tartinija, vnuka violinista. Izvedel jih je Pietro Gaspari, bene\u0161ki slikar in scenograf, znan po svojih grafikah in slikah, ki prevzemajo slog Giambattiste Piranesija zaradi pozornosti in mojstrstva, s katerim je upodabljal arhitekturne podrobnosti.<\/p>\t\t\t\t\t\t<\/div>\n\t\t\t\t<\/div>\n\t\t\t\t<\/div>\n\t\t<div class=\"elementor-element elementor-element-7b78f33 e-con-full e-flex e-con e-child\" data-id=\"7b78f33\" data-element_type=\"container\">\n\t\t\t\t<div class=\"elementor-element elementor-element-dae84be elementor-widget__width-initial elementor-widget elementor-widget-image\" data-id=\"dae84be\" data-element_type=\"widget\" data-widget_type=\"image.default\">\n\t\t\t\t<div class=\"elementor-widget-container\">\n\t\t\t<style>\/*! elementor - v3.21.0 - 26-05-2024 *\/\n.elementor-widget-image{text-align:center}.elementor-widget-image a{display:inline-block}.elementor-widget-image a img[src$=\".svg\"]{width:48px}.elementor-widget-image img{vertical-align:middle;display:inline-block}<\/style>\t\t\t\t\t\t\t\t\t\t<img fetchpriority=\"high\" decoding=\"async\" width=\"1283\" height=\"1600\" src=\"https:\/\/casatartini.com\/wp-content\/uploads\/2024\/06\/Giuseppe-Tartini-1.png\" class=\"attachment-full size-full wp-image-332\" alt=\"\" srcset=\"https:\/\/casatartini.com\/wp-content\/uploads\/2024\/06\/Giuseppe-Tartini-1.png 1283w, https:\/\/casatartini.com\/wp-content\/uploads\/2024\/06\/Giuseppe-Tartini-1-401x500.png 401w, https:\/\/casatartini.com\/wp-content\/uploads\/2024\/06\/Giuseppe-Tartini-1-962x1200.png 962w, https:\/\/casatartini.com\/wp-content\/uploads\/2024\/06\/Giuseppe-Tartini-1-241x300.png 241w, https:\/\/casatartini.com\/wp-content\/uploads\/2024\/06\/Giuseppe-Tartini-1-768x958.png 768w, https:\/\/casatartini.com\/wp-content\/uploads\/2024\/06\/Giuseppe-Tartini-1-1232x1536.png 1232w, https:\/\/casatartini.com\/wp-content\/uploads\/2024\/06\/Giuseppe-Tartini-1-60x75.png 60w, https:\/\/casatartini.com\/wp-content\/uploads\/2024\/06\/Giuseppe-Tartini-1-480x599.png 480w\" sizes=\"(max-width:767px) 480px, (max-width:1283px) 100vw, 1283px\" \/>\t\t\t\t\t\t\t\t\t\t\t\t\t<\/div>\n\t\t\t\t<\/div>\n\t\t\t\t<\/div>\n\t\t\t\t\t<\/div>\n\t\t\t\t<\/div>\n\t\t<div class=\"elementor-element elementor-element-e9200c4 e-flex e-con-boxed e-con e-parent\" data-id=\"e9200c4\" data-element_type=\"container\">\n\t\t\t\t\t<div class=\"e-con-inner\">\n\t\t<div class=\"elementor-element elementor-element-4827ea9 e-con-full e-flex e-con e-child\" data-id=\"4827ea9\" data-element_type=\"container\">\n\t\t<div class=\"elementor-element elementor-element-a723620 e-con-full e-flex e-con e-child\" data-id=\"a723620\" data-element_type=\"container\">\n\t\t\t\t<div class=\"elementor-element elementor-element-f0c9c02 elementor-widget elementor-widget-image\" data-id=\"f0c9c02\" data-element_type=\"widget\" data-widget_type=\"image.default\">\n\t\t\t\t<div class=\"elementor-widget-container\">\n\t\t\t\t\t\t\t\t\t\t\t\t\t<img decoding=\"async\" width=\"1960\" height=\"1307\" src=\"https:\/\/casatartini.com\/wp-content\/uploads\/J91A6362_1960px.jpg\" class=\"attachment-full size-full wp-image-596\" alt=\"\" srcset=\"https:\/\/casatartini.com\/wp-content\/uploads\/J91A6362_1960px.jpg 1960w, https:\/\/casatartini.com\/wp-content\/uploads\/J91A6362_1960px-500x333.jpg 500w, https:\/\/casatartini.com\/wp-content\/uploads\/J91A6362_1960px-1200x800.jpg 1200w, https:\/\/casatartini.com\/wp-content\/uploads\/J91A6362_1960px-300x200.jpg 300w, https:\/\/casatartini.com\/wp-content\/uploads\/J91A6362_1960px-768x512.jpg 768w, https:\/\/casatartini.com\/wp-content\/uploads\/J91A6362_1960px-1536x1024.jpg 1536w, https:\/\/casatartini.com\/wp-content\/uploads\/J91A6362_1960px-112x75.jpg 112w, https:\/\/casatartini.com\/wp-content\/uploads\/J91A6362_1960px-480x320.jpg 480w\" sizes=\"(max-width:767px) 480px, (max-width:1960px) 100vw, 1960px\" \/>\t\t\t\t\t\t\t\t\t\t\t\t\t<\/div>\n\t\t\t\t<\/div>\n\t\t\t\t<\/div>\n\t\t\t\t<div class=\"elementor-element elementor-element-2d1dd2f elementor-widget elementor-widget-heading\" data-id=\"2d1dd2f\" data-element_type=\"widget\" data-widget_type=\"heading.default\">\n\t\t\t\t<div class=\"elementor-widget-container\">\n\t\t\t<style>\/*! elementor - v3.21.0 - 26-05-2024 *\/\n.elementor-heading-title{padding:0;margin:0;line-height:1}.elementor-widget-heading .elementor-heading-title[class*=elementor-size-]>a{color:inherit;font-size:inherit;line-height:inherit}.elementor-widget-heading .elementor-heading-title.elementor-size-small{font-size:15px}.elementor-widget-heading .elementor-heading-title.elementor-size-medium{font-size:19px}.elementor-widget-heading .elementor-heading-title.elementor-size-large{font-size:29px}.elementor-widget-heading .elementor-heading-title.elementor-size-xl{font-size:39px}.elementor-widget-heading .elementor-heading-title.elementor-size-xxl{font-size:59px}<\/style><h2 class=\"elementor-heading-title elementor-size-default\">Casa Tartini: kako izgleda danes<\/h2>\t\t<\/div>\n\t\t\t\t<\/div>\n\t\t\t\t<div class=\"elementor-element elementor-element-4d60476 elementor-widget elementor-widget-text-editor\" data-id=\"4d60476\" data-element_type=\"widget\" data-widget_type=\"text-editor.default\">\n\t\t\t\t<div class=\"elementor-widget-container\">\n\t\t\t\t\t\t\t<p>Hi\u0161a Tartini je bila ve\u010dkrat obnovljena, nazadnje leta 2020, ob 250. obletnici smrti slavnega piranskega violinista, skladatelja in muzikologa. Obnovo je spremljala organizacija muzejske poti, ki obiskovalcem predstavlja umetni\u0161ke in arhitekturne \u010dude\u017ee tega kraja ter pripoveduje anekdote, zanimivosti in zgodbe o znanih osebnostih, ki so tu \u017eivele. Nova razstavna pot je bila omogo\u010dena s prispevkom Evropske unije v okviru programa Interreg V-A Italija-Slovenija. V okviru muzejske poti je<br \/>si lahko ogledate zbirko zapu\u0161\u010dine Giuseppeja Tartinija, med katero izstopajo originalni dokumenti in traktati, ki jih je napisal avtor, njegova pogrebna maska iz mavca, nekaj slik in upodobitev, posve\u010denih njemu, ter ena od treh violini, ki jih je mojster uporabljal za svoje koncerte in ki jo je izdelal lutnjar Nicola Marchioni iz Bologne med letoma 1715 in 1725. Poleg muzeja, posve\u010denega najbolj znanemu prebivalcu mesta, je Casa Tartini sede\u017e italijanske skupnosti Giuseppe Tartini, ki organizira \u0161tevilne prireditve in dogodke za \u0161irjenje kulture in tradicij italijanske manj\u0161ine na tem obmo\u010dju.<\/p>\t\t\t\t\t\t<\/div>\n\t\t\t\t<\/div>\n\t\t<div class=\"elementor-element elementor-element-370d358 e-con-full e-flex e-con e-child\" data-id=\"370d358\" data-element_type=\"container\">\n\t\t\t\t<div class=\"elementor-element elementor-element-aeaf278 elementor-widget elementor-widget-image\" data-id=\"aeaf278\" data-element_type=\"widget\" data-widget_type=\"image.default\">\n\t\t\t\t<div class=\"elementor-widget-container\">\n\t\t\t\t\t\t\t\t\t\t\t\t\t<img decoding=\"async\" width=\"1600\" height=\"1067\" src=\"https:\/\/casatartini.com\/wp-content\/uploads\/2024\/06\/J91A6253-scaled-e1768093620397.jpeg\" class=\"attachment-full size-full wp-image-336\" alt=\"\" \/>\t\t\t\t\t\t\t\t\t\t\t\t\t<\/div>\n\t\t\t\t<\/div>\n\t\t\t\t<\/div>\n\t\t\t\t<div class=\"elementor-element elementor-element-15c8a81 elementor-widget elementor-widget-heading\" data-id=\"15c8a81\" data-element_type=\"widget\" data-widget_type=\"heading.default\">\n\t\t\t\t<div class=\"elementor-widget-container\">\n\t\t\t<h2 class=\"elementor-heading-title elementor-size-default\">Giuseppe Tartini: \u017eivljenje<\/h2>\t\t<\/div>\n\t\t\t\t<\/div>\n\t\t\t\t<div class=\"elementor-element elementor-element-a3d8823 elementor-widget elementor-widget-text-editor\" data-id=\"a3d8823\" data-element_type=\"widget\" data-widget_type=\"text-editor.default\">\n\t\t\t\t<div class=\"elementor-widget-container\">\n\t\t\t\t\t\t\t<p>Giuseppe Tartini se je rodil v Piranju leta 1692 kot sin Caterine Zangrando, ki je pripadala eni od najpomembnej\u0161ih dru\u017ein v mestu, in Giovannija Antonia Tartinija, pisarja za sol v Piranju v imenu Bene\u0161ke republike. Ta polo\u017eaj je bil v tistem \u010dasu eden najpomembnej\u0161ih v dru\u017ebeni strukturi mesta, saj je bila sol glavni gospodarski vir v tej regiji. Sin Giuseppe se je \u017ee od samega za\u010detka izkazal kot izjemno nadarjen otrok, kar ga je pripeljalo do nadaljevanja \u0161tudija na Kolegiju plemi\u010dev v Koperju, kjer je prejel raznoliko in celovito izobrazbo, ki je vklju\u010devala \u0161tudij filozofije, retorike in<br \/>matematika. Nato se je preselil v Padovo, da bi \u0161tudiral pravo, vendar je bila njegova edina \u017eelja, da se posveti svojima dvema velikima strastema: sabljanju in violini. Po tajni poroki z<br \/>Elisabetta Premazone, vnukinja nad\u0161kofa Padove, ki ji je Giuseppe dajal lekcije violine, je bil prisiljen pobegniti in poiskati zato\u010di\u0161\u010de. Takrat ga je sprejel Giovanni Torre, o\u010de varuh samostana.<br \/>fran\u010di\u0161kanov iz Assisija, s katerimi je bil v sorodu, ki so mu ponudili zato\u010di\u0161\u010de in mu omogo\u010dili, da je nadaljeval svoje glasbene \u0161tudije pod vodstvom Mat\u011bja \u010cernohorskega, ustanovitelja pomembne \u0161ole za kompozicijo v Pragi, ki je v tistem \u010dasu deloval kot organist v Assisiju. Po vrnitvi v Padovo, potem ko mu je kardinal odpustil, je njegova slava hitro rasla in \u017ee pri 24 letih je bil povabljen, da igra v Benetkah na zasebnih sprejemih, ki jih je organiziral sa\u0161ki volilni knez in poljski kralj Avgust II. Nato se je preselil v Ancono, kjer je razvil svoj najpomembnej\u0161i prispevek k glasbeni teoriji, ki ga je objavil v traktatu iz leta 1754: tako imenovani tretji ton ali Tartinijev ton, akusti\u010dni pojav, ki nastane z razliko v frekvenci dveh vi\u0161jih tonov.<br \/>Leta 1721, star 29 let, se je vrnil v Padovo kot prvi violinist orkestra bazilike sv. Antona, po nekaj letih pa je ustanovil eno najpomembnej\u0161ih \u0161ol za violino v Evropi, zaradi \u010desar je dobil naziv Maestro delle Nazioni (U\u010ditelj narodov). Po \u0161tevilnih koncertih, publikacijah in traktatih je umrl za skorbutom leta 1770 in se tako uvrstil med najpomembnej\u0161e glasbenike in teoretike 18. stoletja.<\/p>\t\t\t\t\t\t<\/div>\n\t\t\t\t<\/div>\n\t\t\t\t<\/div>\n\t\t\t\t\t<\/div>\n\t\t\t\t<\/div>\n\t\t<div class=\"elementor-element elementor-element-d61b714 e-flex e-con-boxed e-con e-parent\" data-id=\"d61b714\" data-element_type=\"container\">\n\t\t\t\t\t<div class=\"e-con-inner\">\n\t\t<div class=\"elementor-element elementor-element-185ce71 e-con-full e-flex e-con e-child\" data-id=\"185ce71\" data-element_type=\"container\">\n\t\t\t\t<div class=\"elementor-element elementor-element-cdafdf2 elementor-widget elementor-widget-image\" data-id=\"cdafdf2\" data-element_type=\"widget\" data-widget_type=\"image.default\">\n\t\t\t\t<div class=\"elementor-widget-container\">\n\t\t\t\t\t\t\t\t\t\t\t\t\t<img loading=\"lazy\" decoding=\"async\" width=\"1920\" height=\"1289\" src=\"https:\/\/casatartini.com\/wp-content\/uploads\/2024\/06\/unnamed-1-2-scaled.jpg\" class=\"attachment-full size-full wp-image-357\" alt=\"\" srcset=\"https:\/\/casatartini.com\/wp-content\/uploads\/2024\/06\/unnamed-1-2-scaled.jpg 1920w, https:\/\/casatartini.com\/wp-content\/uploads\/2024\/06\/unnamed-1-2-scaled-500x336.jpg 500w, https:\/\/casatartini.com\/wp-content\/uploads\/2024\/06\/unnamed-1-2-scaled-1200x806.jpg 1200w, https:\/\/casatartini.com\/wp-content\/uploads\/2024\/06\/unnamed-1-2-scaled-300x201.jpg 300w, https:\/\/casatartini.com\/wp-content\/uploads\/2024\/06\/unnamed-1-2-scaled-768x516.jpg 768w, https:\/\/casatartini.com\/wp-content\/uploads\/2024\/06\/unnamed-1-2-scaled-1536x1031.jpg 1536w, https:\/\/casatartini.com\/wp-content\/uploads\/2024\/06\/unnamed-1-2-scaled-112x75.jpg 112w, https:\/\/casatartini.com\/wp-content\/uploads\/2024\/06\/unnamed-1-2-scaled-480x322.jpg 480w\" sizes=\"(max-width:767px) 480px, (max-width:1920px) 100vw, 1920px\" \/>\t\t\t\t\t\t\t\t\t\t\t\t\t<\/div>\n\t\t\t\t<\/div>\n\t\t\t\t<\/div>\n\t\t<div class=\"elementor-element elementor-element-7cc9e76 e-con-full e-flex e-con e-child\" data-id=\"7cc9e76\" data-element_type=\"container\">\n\t\t\t\t<div class=\"elementor-element elementor-element-3438f2d elementor-widget elementor-widget-image\" data-id=\"3438f2d\" data-element_type=\"widget\" data-widget_type=\"image.default\">\n\t\t\t\t<div class=\"elementor-widget-container\">\n\t\t\t\t\t\t\t\t\t\t\t\t\t<img loading=\"lazy\" decoding=\"async\" width=\"1920\" height=\"1298\" src=\"https:\/\/casatartini.com\/wp-content\/uploads\/2024\/06\/unnamed-2-scaled.jpg\" class=\"attachment-full size-full wp-image-352\" alt=\"\" srcset=\"https:\/\/casatartini.com\/wp-content\/uploads\/2024\/06\/unnamed-2-scaled.jpg 1920w, https:\/\/casatartini.com\/wp-content\/uploads\/2024\/06\/unnamed-2-scaled-500x338.jpg 500w, https:\/\/casatartini.com\/wp-content\/uploads\/2024\/06\/unnamed-2-scaled-1200x811.jpg 1200w, https:\/\/casatartini.com\/wp-content\/uploads\/2024\/06\/unnamed-2-scaled-300x203.jpg 300w, https:\/\/casatartini.com\/wp-content\/uploads\/2024\/06\/unnamed-2-scaled-768x519.jpg 768w, https:\/\/casatartini.com\/wp-content\/uploads\/2024\/06\/unnamed-2-scaled-1536x1038.jpg 1536w, https:\/\/casatartini.com\/wp-content\/uploads\/2024\/06\/unnamed-2-scaled-111x75.jpg 111w, https:\/\/casatartini.com\/wp-content\/uploads\/2024\/06\/unnamed-2-scaled-480x325.jpg 480w\" sizes=\"(max-width:767px) 480px, (max-width:1920px) 100vw, 1920px\" \/>\t\t\t\t\t\t\t\t\t\t\t\t\t<\/div>\n\t\t\t\t<\/div>\n\t\t\t\t<\/div>\n\t\t<div class=\"elementor-element elementor-element-def2777 e-con-full e-flex e-con e-child\" data-id=\"def2777\" data-element_type=\"container\">\n\t\t\t\t<div class=\"elementor-element elementor-element-39410d3 elementor-widget elementor-widget-image\" data-id=\"39410d3\" data-element_type=\"widget\" data-widget_type=\"image.default\">\n\t\t\t\t<div class=\"elementor-widget-container\">\n\t\t\t\t\t\t\t\t\t\t\t\t\t<img loading=\"lazy\" decoding=\"async\" width=\"1262\" height=\"1920\" src=\"https:\/\/casatartini.com\/wp-content\/uploads\/2024\/06\/unnamed-3-1-scaled.jpg\" class=\"attachment-full size-full wp-image-361\" alt=\"\" srcset=\"https:\/\/casatartini.com\/wp-content\/uploads\/2024\/06\/unnamed-3-1-scaled.jpg 1262w, https:\/\/casatartini.com\/wp-content\/uploads\/2024\/06\/unnamed-3-1-scaled-329x500.jpg 329w, https:\/\/casatartini.com\/wp-content\/uploads\/2024\/06\/unnamed-3-1-scaled-789x1200.jpg 789w, https:\/\/casatartini.com\/wp-content\/uploads\/2024\/06\/unnamed-3-1-scaled-197x300.jpg 197w, https:\/\/casatartini.com\/wp-content\/uploads\/2024\/06\/unnamed-3-1-scaled-768x1168.jpg 768w, https:\/\/casatartini.com\/wp-content\/uploads\/2024\/06\/unnamed-3-1-scaled-1010x1536.jpg 1010w, https:\/\/casatartini.com\/wp-content\/uploads\/2024\/06\/unnamed-3-1-scaled-49x75.jpg 49w, https:\/\/casatartini.com\/wp-content\/uploads\/2024\/06\/unnamed-3-1-scaled-480x730.jpg 480w\" sizes=\"(max-width:767px) 480px, (max-width:1262px) 100vw, 1262px\" \/>\t\t\t\t\t\t\t\t\t\t\t\t\t<\/div>\n\t\t\t\t<\/div>\n\t\t\t\t<\/div>\n\t\t\t\t\t<\/div>\n\t\t\t\t<\/div>\n\t\t<div class=\"elementor-element elementor-element-a323bf8 e-flex e-con-boxed e-con e-parent\" data-id=\"a323bf8\" data-element_type=\"container\">\n\t\t\t\t\t<div class=\"e-con-inner\">\n\t\t\t\t<div class=\"elementor-element elementor-element-b59a295 elementor-widget elementor-widget-heading\" data-id=\"b59a295\" data-element_type=\"widget\" data-widget_type=\"heading.default\">\n\t\t\t\t<div class=\"elementor-widget-container\">\n\t\t\t<h2 class=\"elementor-heading-title elementor-size-default\">Italijanska skupnost<\/h2>\t\t<\/div>\n\t\t\t\t<\/div>\n\t\t\t\t<div class=\"elementor-element elementor-element-b3016cb elementor-widget elementor-widget-text-editor\" data-id=\"b3016cb\" data-element_type=\"widget\" data-widget_type=\"text-editor.default\">\n\t\t\t\t<div class=\"elementor-widget-container\">\n\t\t\t\t\t\t\t<p>Italijanska skupnost Giuseppe Tartini iz Piranja je nastala kot naravno nadaljevanje predhodnega CIC (Circolo Italiano di Cultura), ki je bil ustanovljen takoj po vojni (1946) z namenom ohranjanja in za\u0161\u010dite italijanskega jezika in kulture. CIC je imel klju\u010dno vlogo pri promociji in ohranjanju umetni\u0161kega, kulturnega in socialnega dedi\u0161\u010dina italijanske skupnosti, ki se je nenadoma zna\u0161la v manj\u0161ini, potem ko je do istrskega izseljevanja v 50. letih predstavljala ve\u010dino prebivalstva.<br \/>Institucija se je \u0161e posebej izkazala s spodbujanjem dramske dejavnosti, ki je \u017ee potekala v hi\u0161i Tartini, in z intenzivnim sodelovanjem z lokalnimi \u0161olami, pri \u010demer si je mo\u010dno prizadevala, da nove generacije ne bi izgubile vezi z jezikom in kulturo svojih prednikov. Po osamosvojitvi Slovenije od Jugoslavije leta 1991 se je italijanska skupnost formalno organizirala kot neprofitno kulturno dru\u0161tvo, ki je ohranilo nalogo braniti in \u0161iriti italijansko kulturo, zgodovino in tradicije v slovenski Istri.<\/p>\t\t\t\t\t\t<\/div>\n\t\t\t\t<\/div>\n\t\t\t\t<div class=\"elementor-element elementor-element-e8ece2f elementor-widget elementor-widget-image\" data-id=\"e8ece2f\" data-element_type=\"widget\" data-widget_type=\"image.default\">\n\t\t\t\t<div class=\"elementor-widget-container\">\n\t\t\t\t\t\t\t\t\t\t\t\t\t<img loading=\"lazy\" decoding=\"async\" width=\"1024\" height=\"768\" src=\"https:\/\/casatartini.com\/wp-content\/uploads\/biblioteca_Diego_de_Castro.jpg\" class=\"attachment-full size-full wp-image-609\" alt=\"\" srcset=\"https:\/\/casatartini.com\/wp-content\/uploads\/biblioteca_Diego_de_Castro.jpg 1024w, https:\/\/casatartini.com\/wp-content\/uploads\/biblioteca_Diego_de_Castro-500x375.jpg 500w, https:\/\/casatartini.com\/wp-content\/uploads\/biblioteca_Diego_de_Castro-300x225.jpg 300w, https:\/\/casatartini.com\/wp-content\/uploads\/biblioteca_Diego_de_Castro-768x576.jpg 768w, https:\/\/casatartini.com\/wp-content\/uploads\/biblioteca_Diego_de_Castro-100x75.jpg 100w, https:\/\/casatartini.com\/wp-content\/uploads\/biblioteca_Diego_de_Castro-960x720.jpg 960w, https:\/\/casatartini.com\/wp-content\/uploads\/biblioteca_Diego_de_Castro-480x360.jpg 480w\" sizes=\"(max-width:767px) 480px, (max-width:1024px) 100vw, 1024px\" \/>\t\t\t\t\t\t\t\t\t\t\t\t\t<\/div>\n\t\t\t\t<\/div>\n\t\t\t\t\t<\/div>\n\t\t\t\t<\/div>\n\t\t\t\t<\/div>","protected":false},"excerpt":{"rendered":"<p>Casa Tartini: come nasce La casa natale di Giuseppe Tartini si trova nella piazza principale della citt\u00e0 di Pirano a lui dedicata, ed \u00e8 stata costruita<span class=\"excerpt-hellip\"> [\u2026]<\/span><\/p>","protected":false},"author":1,"featured_media":0,"parent":0,"menu_order":0,"comment_status":"open","ping_status":"closed","template":"","meta":{"footnotes":""},"class_list":["post-593","page","type-page","status-publish","hentry"],"_links":{"self":[{"href":"https:\/\/casatartini.com\/sl\/wp-json\/wp\/v2\/pages\/593","targetHints":{"allow":["GET"]}}],"collection":[{"href":"https:\/\/casatartini.com\/sl\/wp-json\/wp\/v2\/pages"}],"about":[{"href":"https:\/\/casatartini.com\/sl\/wp-json\/wp\/v2\/types\/page"}],"author":[{"embeddable":true,"href":"https:\/\/casatartini.com\/sl\/wp-json\/wp\/v2\/users\/1"}],"replies":[{"embeddable":true,"href":"https:\/\/casatartini.com\/sl\/wp-json\/wp\/v2\/comments?post=593"}],"version-history":[{"count":43,"href":"https:\/\/casatartini.com\/sl\/wp-json\/wp\/v2\/pages\/593\/revisions"}],"predecessor-version":[{"id":695,"href":"https:\/\/casatartini.com\/sl\/wp-json\/wp\/v2\/pages\/593\/revisions\/695"}],"wp:attachment":[{"href":"https:\/\/casatartini.com\/sl\/wp-json\/wp\/v2\/media?parent=593"}],"curies":[{"name":"wp","href":"https:\/\/api.w.org\/{rel}","templated":true}]}}