{"id":301,"date":"2020-12-02T12:27:13","date_gmt":"2020-12-02T12:27:13","guid":{"rendered":"http:\/\/casatartini.com\/?page_id=301"},"modified":"2024-06-17T06:19:18","modified_gmt":"2024-06-17T04:19:18","slug":"program","status":"publish","type":"page","link":"https:\/\/casatartini.com\/sl\/program\/","title":{"rendered":"Progetti"},"content":{"rendered":"<div data-elementor-type=\"wp-page\" data-elementor-id=\"301\" class=\"elementor elementor-301\" data-elementor-post-type=\"page\">\n\t\t\t\t\t\t<section class=\"elementor-section elementor-top-section elementor-element elementor-element-33b2215 elementor-section-stretched elementor-section-content-middle elementor-section-boxed elementor-section-height-default elementor-section-height-default\" data-id=\"33b2215\" data-element_type=\"section\" data-settings=\"{&quot;stretch_section&quot;:&quot;section-stretched&quot;,&quot;background_background&quot;:&quot;classic&quot;}\">\n\t\t\t\t\t\t<div class=\"elementor-container elementor-column-gap-wider\">\n\t\t\t\t\t<div class=\"elementor-column elementor-col-50 elementor-top-column elementor-element elementor-element-fafe955\" data-id=\"fafe955\" data-element_type=\"column\">\n\t\t\t<div class=\"elementor-widget-wrap elementor-element-populated\">\n\t\t\t\t\t\t<div class=\"elementor-element elementor-element-5e2d3b2 elementor-widget elementor-widget-text-editor\" data-id=\"5e2d3b2\" data-element_type=\"widget\" data-widget_type=\"text-editor.default\">\n\t\t\t\t<div class=\"elementor-widget-container\">\n\t\t\t<style>\/*! elementor - v3.21.0 - 26-05-2024 *\/\n.elementor-widget-text-editor.elementor-drop-cap-view-stacked .elementor-drop-cap{background-color:#69727d;color:#fff}.elementor-widget-text-editor.elementor-drop-cap-view-framed .elementor-drop-cap{color:#69727d;border:3px solid;background-color:transparent}.elementor-widget-text-editor:not(.elementor-drop-cap-view-default) .elementor-drop-cap{margin-top:8px}.elementor-widget-text-editor:not(.elementor-drop-cap-view-default) .elementor-drop-cap-letter{width:1em;height:1em}.elementor-widget-text-editor .elementor-drop-cap{float:left;text-align:center;line-height:1;font-size:50px}.elementor-widget-text-editor .elementor-drop-cap-letter{display:inline-block}<\/style>\t\t\t\t<h2>P<span class=\"themecolor\">rogetti<\/span><\/h2><p>\u00a0<\/p>\t\t\t\t\t\t<\/div>\n\t\t\t\t<\/div>\n\t\t\t\t\t<\/div>\n\t\t<\/div>\n\t\t\t\t<div class=\"elementor-column elementor-col-50 elementor-top-column elementor-element elementor-element-8c906c5\" data-id=\"8c906c5\" data-element_type=\"column\">\n\t\t\t<div class=\"elementor-widget-wrap elementor-element-populated\">\n\t\t\t\t\t\t<div class=\"elementor-element elementor-element-9970c89 elementor-widget__width-initial elementor-widget elementor-widget-image\" data-id=\"9970c89\" data-element_type=\"widget\" data-widget_type=\"image.default\">\n\t\t\t\t<div class=\"elementor-widget-container\">\n\t\t\t<style>\/*! elementor - v3.21.0 - 26-05-2024 *\/\n.elementor-widget-image{text-align:center}.elementor-widget-image a{display:inline-block}.elementor-widget-image a img[src$=\".svg\"]{width:48px}.elementor-widget-image img{vertical-align:middle;display:inline-block}<\/style>\t\t\t\t\t\t\t\t\t\t<img fetchpriority=\"high\" decoding=\"async\" width=\"1200\" height=\"1200\" src=\"https:\/\/casatartini.com\/wp-content\/uploads\/2024\/06\/copertina-musica-1200x1200.jpg\" class=\"attachment-large size-large wp-image-329\" alt=\"\" srcset=\"https:\/\/casatartini.com\/wp-content\/uploads\/2024\/06\/copertina-musica-1200x1200.jpg 1200w, https:\/\/casatartini.com\/wp-content\/uploads\/2024\/06\/copertina-musica-500x500.jpg 500w, https:\/\/casatartini.com\/wp-content\/uploads\/2024\/06\/copertina-musica-300x300.jpg 300w, https:\/\/casatartini.com\/wp-content\/uploads\/2024\/06\/copertina-musica-768x768.jpg 768w, https:\/\/casatartini.com\/wp-content\/uploads\/2024\/06\/copertina-musica-1536x1536.jpg 1536w, https:\/\/casatartini.com\/wp-content\/uploads\/2024\/06\/copertina-musica-150x150.jpg 150w, https:\/\/casatartini.com\/wp-content\/uploads\/2024\/06\/copertina-musica-75x75.jpg 75w, https:\/\/casatartini.com\/wp-content\/uploads\/2024\/06\/copertina-musica-480x480.jpg 480w, https:\/\/casatartini.com\/wp-content\/uploads\/2024\/06\/copertina-musica.jpg 1589w\" sizes=\"(max-width:767px) 480px, (max-width:1200px) 100vw, 1200px\" \/>\t\t\t\t\t\t\t\t\t\t\t\t\t<\/div>\n\t\t\t\t<\/div>\n\t\t\t\t\t<\/div>\n\t\t<\/div>\n\t\t\t\t\t<\/div>\n\t\t<\/section>\n\t\t\t\t<section class=\"elementor-section elementor-top-section elementor-element elementor-element-c2be222 elementor-section-stretched elementor-section-boxed elementor-section-height-default elementor-section-height-default\" data-id=\"c2be222\" data-element_type=\"section\" data-settings=\"{&quot;stretch_section&quot;:&quot;section-stretched&quot;}\">\n\t\t\t\t\t\t<div class=\"elementor-container elementor-column-gap-wider\">\n\t\t\t\t\t<div class=\"elementor-column elementor-col-50 elementor-top-column elementor-element elementor-element-53c2409\" data-id=\"53c2409\" data-element_type=\"column\" data-settings=\"{&quot;background_background&quot;:&quot;classic&quot;}\">\n\t\t\t<div class=\"elementor-widget-wrap elementor-element-populated\">\n\t\t\t\t\t\t<div class=\"elementor-element elementor-element-0cd71d1 elementor-widget elementor-widget-text-editor\" data-id=\"0cd71d1\" data-element_type=\"widget\" data-widget_type=\"text-editor.default\">\n\t\t\t\t<div class=\"elementor-widget-container\">\n\t\t\t\t\t\t\t<h3>Discover Tartini<\/h3>\nV okviru projekta tARTini je Discover Tartini nastal z namenom ohranjanja, \u0161irjenja in promocije pomembnosti osebnosti Giuseppeja Tartinija, s \u010dimer je nastala nova umetni\u0161ko-kulturna pot med Piranom in Padovo, Ljubljano in Trstom.\n\nVe\u010djezi\u010dna spletna stran navdu\u0161encem, znanstvenikom in turistom ponuja mo\u017enost, da skozi besedilne vsebine in arhivske slike, kot so avtografirana pisma, notni zapisi, traktati in teoreti\u010dni ter didakti\u010dni teksti, ikonografija in biografski viri, sledijo vsaki stopnji \u017eivljenja in kariere slavnega violinista.\n\nZa poglobitev v skladateljsko delo mojstra je uporabnikom na voljo tudi zbirka zgodovinskih in novej\u0161ih posnetkov njegovih najbolj znanih sonat, ki omogo\u010dajo spoznavanje te\u017eko dostopnih zvo\u010dnih dokumentov iz razli\u010dnih zgodovinskih obdobij, skupaj z videoposnetki in avdio posnetki koncertov, ki so bili izvedeni v okviru projekta Interreg tARTini. Posebna pozornost je namenjena tudi promociji koncertov in glasbenih dogodkov, kot tudi izobra\u017eevalnim dejavnostim za najmlaj\u0161e s posebej prilagojenimi vsebinami.\n\nObi\u0161\u010dite spletno stran: www.discovertartini.eu\t\t\t\t\t\t<\/div>\n\t\t\t\t<\/div>\n\t\t\t\t<div class=\"elementor-element elementor-element-a50f28f elementor-widget elementor-widget-image\" data-id=\"a50f28f\" data-element_type=\"widget\" data-widget_type=\"image.default\">\n\t\t\t\t<div class=\"elementor-widget-container\">\n\t\t\t\t\t\t\t\t\t\t\t\t\t\t<a href=\"http:\/\/www.discovertartini.eu\" target=\"_blank\">\n\t\t\t\t\t\t\t<img decoding=\"async\" width=\"944\" height=\"944\" src=\"https:\/\/casatartini.com\/wp-content\/uploads\/2024\/06\/immaginefblanding.png\" class=\"attachment-large size-large wp-image-334\" alt=\"\" srcset=\"https:\/\/casatartini.com\/wp-content\/uploads\/2024\/06\/immaginefblanding.png 944w, https:\/\/casatartini.com\/wp-content\/uploads\/2024\/06\/immaginefblanding-500x500.png 500w, https:\/\/casatartini.com\/wp-content\/uploads\/2024\/06\/immaginefblanding-300x300.png 300w, https:\/\/casatartini.com\/wp-content\/uploads\/2024\/06\/immaginefblanding-768x768.png 768w, https:\/\/casatartini.com\/wp-content\/uploads\/2024\/06\/immaginefblanding-150x150.png 150w, https:\/\/casatartini.com\/wp-content\/uploads\/2024\/06\/immaginefblanding-75x75.png 75w, https:\/\/casatartini.com\/wp-content\/uploads\/2024\/06\/immaginefblanding-480x480.png 480w\" sizes=\"(max-width:767px) 480px, (max-width:944px) 100vw, 944px\" \/>\t\t\t\t\t\t\t\t<\/a>\n\t\t\t\t\t\t\t\t\t\t\t\t\t<\/div>\n\t\t\t\t<\/div>\n\t\t\t\t\t<\/div>\n\t\t<\/div>\n\t\t\t\t<div class=\"elementor-column elementor-col-50 elementor-top-column elementor-element elementor-element-d4651dc\" data-id=\"d4651dc\" data-element_type=\"column\" data-settings=\"{&quot;background_background&quot;:&quot;classic&quot;}\">\n\t\t\t<div class=\"elementor-widget-wrap elementor-element-populated\">\n\t\t\t\t\t\t<div class=\"elementor-element elementor-element-f9d9b40 elementor-widget elementor-widget-text-editor\" data-id=\"f9d9b40\" data-element_type=\"widget\" data-widget_type=\"text-editor.default\">\n\t\t\t\t<div class=\"elementor-widget-container\">\n\t\t\t\t\t\t\t<h3>Projekt Spotify<\/h3><p>Projekt vizualne in digitalne prenove Casa Tartini predvideva tudi odprtje kanala Spotify. Da bi javnosti predstavili slavenega violinista, bodo od \u010dasa do \u010dasa povabili osebnosti iz umetni\u0161kega in kulturnega sveta mesta Piran in \u0161ir\u0161e, da ustvarijo svoj posebni seznam predvajanja, pri \u010demer se bodo navdihnili z njegovimi skladbami ali zanimivostmi in skrivnostmi, ki obdajajo njegovo \u017eivljenje.<\/p><p>Sledite nam na na\u0161i poti odkrivanja mojstra <a href=\"https:\/\/open.spotify.com\/\">Giuseppe Tartinija<\/a>!<\/p>\t\t\t\t\t\t<\/div>\n\t\t\t\t<\/div>\n\t\t\t\t<div class=\"elementor-element elementor-element-e6315e5 elementor-widget elementor-widget-image\" data-id=\"e6315e5\" data-element_type=\"widget\" data-widget_type=\"image.default\">\n\t\t\t\t<div class=\"elementor-widget-container\">\n\t\t\t\t\t\t\t\t\t\t\t\t\t\t<a href=\"https:\/\/open.spotify.com\/\" target=\"_blank\">\n\t\t\t\t\t\t\t<img decoding=\"async\" width=\"522\" height=\"522\" src=\"https:\/\/casatartini.com\/wp-content\/uploads\/2024\/06\/FT022-Cover.png\" class=\"attachment-large size-large wp-image-331\" alt=\"\" srcset=\"https:\/\/casatartini.com\/wp-content\/uploads\/2024\/06\/FT022-Cover.png 522w, https:\/\/casatartini.com\/wp-content\/uploads\/2024\/06\/FT022-Cover-500x500.png 500w, https:\/\/casatartini.com\/wp-content\/uploads\/2024\/06\/FT022-Cover-300x300.png 300w, https:\/\/casatartini.com\/wp-content\/uploads\/2024\/06\/FT022-Cover-150x150.png 150w, https:\/\/casatartini.com\/wp-content\/uploads\/2024\/06\/FT022-Cover-75x75.png 75w, https:\/\/casatartini.com\/wp-content\/uploads\/2024\/06\/FT022-Cover-480x480.png 480w\" sizes=\"(max-width:767px) 480px, 522px\" \/>\t\t\t\t\t\t\t\t<\/a>\n\t\t\t\t\t\t\t\t\t\t\t\t\t<\/div>\n\t\t\t\t<\/div>\n\t\t\t\t\t<\/div>\n\t\t<\/div>\n\t\t\t\t\t<\/div>\n\t\t<\/section>\n\t\t\t\t<\/div>","protected":false},"excerpt":{"rendered":"<p>Progetti \u00a0 Discover Tartini Nell\u2019ambito del progetto tARTini, Discover Tartini nasce con l\u2019obiettivo di conservare, diffondere e promuovere l\u2019importanza della figura di Giuseppe Tartini, creando un<span class=\"excerpt-hellip\"> [\u2026]<\/span><\/p>","protected":false},"author":1,"featured_media":0,"parent":0,"menu_order":0,"comment_status":"open","ping_status":"closed","template":"","meta":{"footnotes":""},"class_list":["post-301","page","type-page","status-publish","hentry"],"_links":{"self":[{"href":"https:\/\/casatartini.com\/sl\/wp-json\/wp\/v2\/pages\/301","targetHints":{"allow":["GET"]}}],"collection":[{"href":"https:\/\/casatartini.com\/sl\/wp-json\/wp\/v2\/pages"}],"about":[{"href":"https:\/\/casatartini.com\/sl\/wp-json\/wp\/v2\/types\/page"}],"author":[{"embeddable":true,"href":"https:\/\/casatartini.com\/sl\/wp-json\/wp\/v2\/users\/1"}],"replies":[{"embeddable":true,"href":"https:\/\/casatartini.com\/sl\/wp-json\/wp\/v2\/comments?post=301"}],"version-history":[{"count":25,"href":"https:\/\/casatartini.com\/sl\/wp-json\/wp\/v2\/pages\/301\/revisions"}],"predecessor-version":[{"id":683,"href":"https:\/\/casatartini.com\/sl\/wp-json\/wp\/v2\/pages\/301\/revisions\/683"}],"wp:attachment":[{"href":"https:\/\/casatartini.com\/sl\/wp-json\/wp\/v2\/media?parent=301"}],"curies":[{"name":"wp","href":"https:\/\/api.w.org\/{rel}","templated":true}]}}