{"id":593,"date":"2024-06-13T14:29:35","date_gmt":"2024-06-13T12:29:35","guid":{"rendered":"http:\/\/casatartini.com\/?page_id=593"},"modified":"2024-06-17T15:10:46","modified_gmt":"2024-06-17T13:10:46","slug":"biblioteche-2","status":"publish","type":"page","link":"https:\/\/casatartini.com\/en\/biblioteche-2\/","title":{"rendered":"Chi siamo"},"content":{"rendered":"<div data-elementor-type=\"wp-page\" data-elementor-id=\"593\" class=\"elementor elementor-593\" data-elementor-post-type=\"page\">\n\t\t\t\t<div class=\"elementor-element elementor-element-4d39514 e-flex e-con-boxed e-con e-parent\" data-id=\"4d39514\" data-element_type=\"container\" data-settings=\"{&quot;background_background&quot;:&quot;classic&quot;}\">\n\t\t\t\t\t<div class=\"e-con-inner\">\n\t\t<div class=\"elementor-element elementor-element-71c7295 e-con-full e-flex e-con e-child\" data-id=\"71c7295\" data-element_type=\"container\">\n\t\t\t\t<div class=\"elementor-element elementor-element-870ff8d elementor-widget__width-inherit elementor-widget elementor-widget-text-editor\" data-id=\"870ff8d\" data-element_type=\"widget\" data-widget_type=\"text-editor.default\">\n\t\t\t\t<div class=\"elementor-widget-container\">\n\t\t\t<style>\/*! elementor - v3.21.0 - 26-05-2024 *\/\n.elementor-widget-text-editor.elementor-drop-cap-view-stacked .elementor-drop-cap{background-color:#69727d;color:#fff}.elementor-widget-text-editor.elementor-drop-cap-view-framed .elementor-drop-cap{color:#69727d;border:3px solid;background-color:transparent}.elementor-widget-text-editor:not(.elementor-drop-cap-view-default) .elementor-drop-cap{margin-top:8px}.elementor-widget-text-editor:not(.elementor-drop-cap-view-default) .elementor-drop-cap-letter{width:1em;height:1em}.elementor-widget-text-editor .elementor-drop-cap{float:left;text-align:center;line-height:1;font-size:50px}.elementor-widget-text-editor .elementor-drop-cap-letter{display:inline-block}<\/style>\t\t\t\t<h2>Casa Tartini: how it was born<\/h2><p>Giuseppe Tartini's birthplace is located in the main square of the town of Piran, which is named after him. It was built on the foundations of a previous Gothic-style building, erected in the 14th century by a family of merchants and shipowners from Piran. During the 18th century, the building was completely rebuilt and enlarged in the Baroque style of the time, under the guidance of the Zangrando family, the maternal side of the Piranese composer. In fact, in 1685, Caterina Zangrando, from Piran, and Giovanni Antonio Tartini, from Florence, a clerk in Piran on behalf of the Republic of Venice, were married here. This position allowed Giuseppe's father<br \/>to acquire great economic wealth and significant political importance, which allowed the Tartini family to further expand the palace, until it reached the structure that it still retains today, including the rich<br \/>interior decorations. The stucco work and murals, on the other hand, are in the neoclassical style and were commissioned by Pietro Tartini, the violinist's nephew. They were created by Pietro Gaspari, a Venetian painter and set designer known for his engravings and paintings, which echo the style of Giambattista Piranesi thanks to the attention and skill with which he outlined the architectural details.<\/p>\t\t\t\t\t\t<\/div>\n\t\t\t\t<\/div>\n\t\t\t\t<\/div>\n\t\t<div class=\"elementor-element elementor-element-7b78f33 e-con-full e-flex e-con e-child\" data-id=\"7b78f33\" data-element_type=\"container\">\n\t\t\t\t<div class=\"elementor-element elementor-element-dae84be elementor-widget__width-initial elementor-widget elementor-widget-image\" data-id=\"dae84be\" data-element_type=\"widget\" data-widget_type=\"image.default\">\n\t\t\t\t<div class=\"elementor-widget-container\">\n\t\t\t<style>\/*! elementor - v3.21.0 - 26-05-2024 *\/\n.elementor-widget-image{text-align:center}.elementor-widget-image a{display:inline-block}.elementor-widget-image a img[src$=\".svg\"]{width:48px}.elementor-widget-image img{vertical-align:middle;display:inline-block}<\/style>\t\t\t\t\t\t\t\t\t\t<img fetchpriority=\"high\" decoding=\"async\" width=\"1283\" height=\"1600\" src=\"https:\/\/casatartini.com\/wp-content\/uploads\/2024\/06\/Giuseppe-Tartini-1.png\" class=\"attachment-full size-full wp-image-332\" alt=\"\" srcset=\"https:\/\/casatartini.com\/wp-content\/uploads\/2024\/06\/Giuseppe-Tartini-1.png 1283w, https:\/\/casatartini.com\/wp-content\/uploads\/2024\/06\/Giuseppe-Tartini-1-401x500.png 401w, https:\/\/casatartini.com\/wp-content\/uploads\/2024\/06\/Giuseppe-Tartini-1-962x1200.png 962w, https:\/\/casatartini.com\/wp-content\/uploads\/2024\/06\/Giuseppe-Tartini-1-241x300.png 241w, https:\/\/casatartini.com\/wp-content\/uploads\/2024\/06\/Giuseppe-Tartini-1-768x958.png 768w, https:\/\/casatartini.com\/wp-content\/uploads\/2024\/06\/Giuseppe-Tartini-1-1232x1536.png 1232w, https:\/\/casatartini.com\/wp-content\/uploads\/2024\/06\/Giuseppe-Tartini-1-60x75.png 60w, https:\/\/casatartini.com\/wp-content\/uploads\/2024\/06\/Giuseppe-Tartini-1-480x599.png 480w\" sizes=\"(max-width:767px) 480px, (max-width:1283px) 100vw, 1283px\" \/>\t\t\t\t\t\t\t\t\t\t\t\t\t<\/div>\n\t\t\t\t<\/div>\n\t\t\t\t<\/div>\n\t\t\t\t\t<\/div>\n\t\t\t\t<\/div>\n\t\t<div class=\"elementor-element elementor-element-e9200c4 e-flex e-con-boxed e-con e-parent\" data-id=\"e9200c4\" data-element_type=\"container\">\n\t\t\t\t\t<div class=\"e-con-inner\">\n\t\t<div class=\"elementor-element elementor-element-4827ea9 e-con-full e-flex e-con e-child\" data-id=\"4827ea9\" data-element_type=\"container\">\n\t\t<div class=\"elementor-element elementor-element-a723620 e-con-full e-flex e-con e-child\" data-id=\"a723620\" data-element_type=\"container\">\n\t\t\t\t<div class=\"elementor-element elementor-element-f0c9c02 elementor-widget elementor-widget-image\" data-id=\"f0c9c02\" data-element_type=\"widget\" data-widget_type=\"image.default\">\n\t\t\t\t<div class=\"elementor-widget-container\">\n\t\t\t\t\t\t\t\t\t\t\t\t\t<img decoding=\"async\" width=\"1960\" height=\"1307\" src=\"https:\/\/casatartini.com\/wp-content\/uploads\/J91A6362_1960px.jpg\" class=\"attachment-full size-full wp-image-596\" alt=\"\" srcset=\"https:\/\/casatartini.com\/wp-content\/uploads\/J91A6362_1960px.jpg 1960w, https:\/\/casatartini.com\/wp-content\/uploads\/J91A6362_1960px-500x333.jpg 500w, https:\/\/casatartini.com\/wp-content\/uploads\/J91A6362_1960px-1200x800.jpg 1200w, https:\/\/casatartini.com\/wp-content\/uploads\/J91A6362_1960px-300x200.jpg 300w, https:\/\/casatartini.com\/wp-content\/uploads\/J91A6362_1960px-768x512.jpg 768w, https:\/\/casatartini.com\/wp-content\/uploads\/J91A6362_1960px-1536x1024.jpg 1536w, https:\/\/casatartini.com\/wp-content\/uploads\/J91A6362_1960px-112x75.jpg 112w, https:\/\/casatartini.com\/wp-content\/uploads\/J91A6362_1960px-480x320.jpg 480w\" sizes=\"(max-width:767px) 480px, (max-width:1960px) 100vw, 1960px\" \/>\t\t\t\t\t\t\t\t\t\t\t\t\t<\/div>\n\t\t\t\t<\/div>\n\t\t\t\t<\/div>\n\t\t\t\t<div class=\"elementor-element elementor-element-2d1dd2f elementor-widget elementor-widget-heading\" data-id=\"2d1dd2f\" data-element_type=\"widget\" data-widget_type=\"heading.default\">\n\t\t\t\t<div class=\"elementor-widget-container\">\n\t\t\t<style>\/*! elementor - v3.21.0 - 26-05-2024 *\/\n.elementor-heading-title{padding:0;margin:0;line-height:1}.elementor-widget-heading .elementor-heading-title[class*=elementor-size-]>a{color:inherit;font-size:inherit;line-height:inherit}.elementor-widget-heading .elementor-heading-title.elementor-size-small{font-size:15px}.elementor-widget-heading .elementor-heading-title.elementor-size-medium{font-size:19px}.elementor-widget-heading .elementor-heading-title.elementor-size-large{font-size:29px}.elementor-widget-heading .elementor-heading-title.elementor-size-xl{font-size:39px}.elementor-widget-heading .elementor-heading-title.elementor-size-xxl{font-size:59px}<\/style><h2 class=\"elementor-heading-title elementor-size-default\">Casa Tartini: as it appears today<\/h2>\t\t<\/div>\n\t\t\t\t<\/div>\n\t\t\t\t<div class=\"elementor-element elementor-element-4d60476 elementor-widget elementor-widget-text-editor\" data-id=\"4d60476\" data-element_type=\"widget\" data-widget_type=\"text-editor.default\">\n\t\t\t\t<div class=\"elementor-widget-container\">\n\t\t\t\t\t\t\t<p>Casa Tartini has been restored on numerous occasions, most recently in 2020, on the 250th anniversary of the death of the famous violinist, composer and musicologist from Piran. This restoration was accompanied by the creation of a museum tour that introduces visitors to the artistic and architectural wonders of this place, recounting anecdotes, curiosities and episodes involving the illustrious figures who lived there. This new exhibition tour was made possible thanks to the contribution of the European Union as part of the Interreg V-A Italy-Slovenia programme. The museum tour includes<br \/>You can view the Giuseppe Tartini collection, which includes original documents and treatises written by the author, his plaster funeral mask, several paintings and depictions dedicated to him, and one of the three violins that the maestro used for his concerts, built by luthier Nicola Marchioni of Bologna between 1715 and 1725. In addition to hosting the museum dedicated to its most illustrious inhabitant, Casa Tartini is the headquarters of the Giuseppe Tartini Italian Community, which organises numerous events and exhibitions aimed at spreading the culture and traditions of the Italian minority in the area.<\/p>\t\t\t\t\t\t<\/div>\n\t\t\t\t<\/div>\n\t\t<div class=\"elementor-element elementor-element-370d358 e-con-full e-flex e-con e-child\" data-id=\"370d358\" data-element_type=\"container\">\n\t\t\t\t<div class=\"elementor-element elementor-element-aeaf278 elementor-widget elementor-widget-image\" data-id=\"aeaf278\" data-element_type=\"widget\" data-widget_type=\"image.default\">\n\t\t\t\t<div class=\"elementor-widget-container\">\n\t\t\t\t\t\t\t\t\t\t\t\t\t<img decoding=\"async\" width=\"1600\" height=\"1067\" src=\"https:\/\/casatartini.com\/wp-content\/uploads\/2024\/06\/J91A6253-scaled-e1768093620397.jpeg\" class=\"attachment-full size-full wp-image-336\" alt=\"\" \/>\t\t\t\t\t\t\t\t\t\t\t\t\t<\/div>\n\t\t\t\t<\/div>\n\t\t\t\t<\/div>\n\t\t\t\t<div class=\"elementor-element elementor-element-15c8a81 elementor-widget elementor-widget-heading\" data-id=\"15c8a81\" data-element_type=\"widget\" data-widget_type=\"heading.default\">\n\t\t\t\t<div class=\"elementor-widget-container\">\n\t\t\t<h2 class=\"elementor-heading-title elementor-size-default\">Giuseppe Tartini: his life<\/h2>\t\t<\/div>\n\t\t\t\t<\/div>\n\t\t\t\t<div class=\"elementor-element elementor-element-a3d8823 elementor-widget elementor-widget-text-editor\" data-id=\"a3d8823\" data-element_type=\"widget\" data-widget_type=\"text-editor.default\">\n\t\t\t\t<div class=\"elementor-widget-container\">\n\t\t\t\t\t\t\t<p>Giuseppe Tartini was born in Piran in 1692, the son of Caterina Zangrando, who belonged to one of the most important families in the city, and Giovanni Antonio Tartini, who was a salt clerk in Piran on behalf of the Republic of Venice. At the time, this position was one of the most important in the city's social fabric, as salt was the main economic resource in the area. His son Giuseppe immediately distinguished himself as a child of remarkable talent, which led him to continue his studies at the College of Nobles in Koper, where he received a varied and comprehensive education, including the study of philosophy, rhetoric, and<br \/>mathematics. He later moved to Padua to study law, but his only desire was to pursue his two great passions: fencing and the violin. After secretly marrying<br \/>Elisabetta Premazone, niece of the Archbishop of Padua, to whom Giuseppe gave violin lessons, was forced to flee and seek asylum. It was on this occasion that he was welcomed by Giovanni Torre, guardian father of the Convent.<br \/>of the Franciscans of Assisi, to whom he was related, who offered him refuge and allowed him to further perfect his musical studies under the guidance of Mat\u011bj \u010cernohorsk\u00fd, founder of an important school of composition in Prague, who was in Assisi at the time as an organist. Returning to Padua after being forgiven by the cardinal, his fame grew rapidly, and at the age of only 24 he was invited to play in Venice for private receptions organised by the Elector of Saxony and King of Poland, Augustus II. He then moved to Ancona, where he developed what is considered his most important contribution to music theory, which he published in a treatise in 1754: the so-called third sound, or Tartini's sound, an acoustic phenomenon that consists in the generation of a low sound resulting from the difference in frequency between two higher sounds.<br \/>In 1721, at the age of 29, he returned to Padua as first violinist of the Orchestra della Basilica di Sant'Antonio, and after a few years he founded one of the most important violin schools in Europe, which earned him the name Maestro delle Nazioni (Master of Nations). After a huge number of concerts, publications and treatises, he died of scurvy in 1770, rightfully entering the ranks of the most important musicians and theorists of the 18th century.<\/p>\t\t\t\t\t\t<\/div>\n\t\t\t\t<\/div>\n\t\t\t\t<\/div>\n\t\t\t\t\t<\/div>\n\t\t\t\t<\/div>\n\t\t<div class=\"elementor-element elementor-element-d61b714 e-flex e-con-boxed e-con e-parent\" data-id=\"d61b714\" data-element_type=\"container\">\n\t\t\t\t\t<div class=\"e-con-inner\">\n\t\t<div class=\"elementor-element elementor-element-185ce71 e-con-full e-flex e-con e-child\" data-id=\"185ce71\" data-element_type=\"container\">\n\t\t\t\t<div class=\"elementor-element elementor-element-cdafdf2 elementor-widget elementor-widget-image\" data-id=\"cdafdf2\" data-element_type=\"widget\" data-widget_type=\"image.default\">\n\t\t\t\t<div class=\"elementor-widget-container\">\n\t\t\t\t\t\t\t\t\t\t\t\t\t<img loading=\"lazy\" decoding=\"async\" width=\"1920\" height=\"1289\" src=\"https:\/\/casatartini.com\/wp-content\/uploads\/2024\/06\/unnamed-1-2-scaled.jpg\" class=\"attachment-full size-full wp-image-357\" alt=\"\" srcset=\"https:\/\/casatartini.com\/wp-content\/uploads\/2024\/06\/unnamed-1-2-scaled.jpg 1920w, https:\/\/casatartini.com\/wp-content\/uploads\/2024\/06\/unnamed-1-2-scaled-500x336.jpg 500w, https:\/\/casatartini.com\/wp-content\/uploads\/2024\/06\/unnamed-1-2-scaled-1200x806.jpg 1200w, https:\/\/casatartini.com\/wp-content\/uploads\/2024\/06\/unnamed-1-2-scaled-300x201.jpg 300w, https:\/\/casatartini.com\/wp-content\/uploads\/2024\/06\/unnamed-1-2-scaled-768x516.jpg 768w, https:\/\/casatartini.com\/wp-content\/uploads\/2024\/06\/unnamed-1-2-scaled-1536x1031.jpg 1536w, https:\/\/casatartini.com\/wp-content\/uploads\/2024\/06\/unnamed-1-2-scaled-112x75.jpg 112w, https:\/\/casatartini.com\/wp-content\/uploads\/2024\/06\/unnamed-1-2-scaled-480x322.jpg 480w\" sizes=\"(max-width:767px) 480px, (max-width:1920px) 100vw, 1920px\" \/>\t\t\t\t\t\t\t\t\t\t\t\t\t<\/div>\n\t\t\t\t<\/div>\n\t\t\t\t<\/div>\n\t\t<div class=\"elementor-element elementor-element-7cc9e76 e-con-full e-flex e-con e-child\" data-id=\"7cc9e76\" data-element_type=\"container\">\n\t\t\t\t<div class=\"elementor-element elementor-element-3438f2d elementor-widget elementor-widget-image\" data-id=\"3438f2d\" data-element_type=\"widget\" data-widget_type=\"image.default\">\n\t\t\t\t<div class=\"elementor-widget-container\">\n\t\t\t\t\t\t\t\t\t\t\t\t\t<img loading=\"lazy\" decoding=\"async\" width=\"1920\" height=\"1298\" src=\"https:\/\/casatartini.com\/wp-content\/uploads\/2024\/06\/unnamed-2-scaled.jpg\" class=\"attachment-full size-full wp-image-352\" alt=\"\" srcset=\"https:\/\/casatartini.com\/wp-content\/uploads\/2024\/06\/unnamed-2-scaled.jpg 1920w, https:\/\/casatartini.com\/wp-content\/uploads\/2024\/06\/unnamed-2-scaled-500x338.jpg 500w, https:\/\/casatartini.com\/wp-content\/uploads\/2024\/06\/unnamed-2-scaled-1200x811.jpg 1200w, https:\/\/casatartini.com\/wp-content\/uploads\/2024\/06\/unnamed-2-scaled-300x203.jpg 300w, https:\/\/casatartini.com\/wp-content\/uploads\/2024\/06\/unnamed-2-scaled-768x519.jpg 768w, https:\/\/casatartini.com\/wp-content\/uploads\/2024\/06\/unnamed-2-scaled-1536x1038.jpg 1536w, https:\/\/casatartini.com\/wp-content\/uploads\/2024\/06\/unnamed-2-scaled-111x75.jpg 111w, https:\/\/casatartini.com\/wp-content\/uploads\/2024\/06\/unnamed-2-scaled-480x325.jpg 480w\" sizes=\"(max-width:767px) 480px, (max-width:1920px) 100vw, 1920px\" \/>\t\t\t\t\t\t\t\t\t\t\t\t\t<\/div>\n\t\t\t\t<\/div>\n\t\t\t\t<\/div>\n\t\t<div class=\"elementor-element elementor-element-def2777 e-con-full e-flex e-con e-child\" data-id=\"def2777\" data-element_type=\"container\">\n\t\t\t\t<div class=\"elementor-element elementor-element-39410d3 elementor-widget elementor-widget-image\" data-id=\"39410d3\" data-element_type=\"widget\" data-widget_type=\"image.default\">\n\t\t\t\t<div class=\"elementor-widget-container\">\n\t\t\t\t\t\t\t\t\t\t\t\t\t<img loading=\"lazy\" decoding=\"async\" width=\"1262\" height=\"1920\" src=\"https:\/\/casatartini.com\/wp-content\/uploads\/2024\/06\/unnamed-3-1-scaled.jpg\" class=\"attachment-full size-full wp-image-361\" alt=\"\" srcset=\"https:\/\/casatartini.com\/wp-content\/uploads\/2024\/06\/unnamed-3-1-scaled.jpg 1262w, https:\/\/casatartini.com\/wp-content\/uploads\/2024\/06\/unnamed-3-1-scaled-329x500.jpg 329w, https:\/\/casatartini.com\/wp-content\/uploads\/2024\/06\/unnamed-3-1-scaled-789x1200.jpg 789w, https:\/\/casatartini.com\/wp-content\/uploads\/2024\/06\/unnamed-3-1-scaled-197x300.jpg 197w, https:\/\/casatartini.com\/wp-content\/uploads\/2024\/06\/unnamed-3-1-scaled-768x1168.jpg 768w, https:\/\/casatartini.com\/wp-content\/uploads\/2024\/06\/unnamed-3-1-scaled-1010x1536.jpg 1010w, https:\/\/casatartini.com\/wp-content\/uploads\/2024\/06\/unnamed-3-1-scaled-49x75.jpg 49w, https:\/\/casatartini.com\/wp-content\/uploads\/2024\/06\/unnamed-3-1-scaled-480x730.jpg 480w\" sizes=\"(max-width:767px) 480px, (max-width:1262px) 100vw, 1262px\" \/>\t\t\t\t\t\t\t\t\t\t\t\t\t<\/div>\n\t\t\t\t<\/div>\n\t\t\t\t<\/div>\n\t\t\t\t\t<\/div>\n\t\t\t\t<\/div>\n\t\t<div class=\"elementor-element elementor-element-a323bf8 e-flex e-con-boxed e-con e-parent\" data-id=\"a323bf8\" data-element_type=\"container\">\n\t\t\t\t\t<div class=\"e-con-inner\">\n\t\t\t\t<div class=\"elementor-element elementor-element-b59a295 elementor-widget elementor-widget-heading\" data-id=\"b59a295\" data-element_type=\"widget\" data-widget_type=\"heading.default\">\n\t\t\t\t<div class=\"elementor-widget-container\">\n\t\t\t<h2 class=\"elementor-heading-title elementor-size-default\">The Italian Community<\/h2>\t\t<\/div>\n\t\t\t\t<\/div>\n\t\t\t\t<div class=\"elementor-element elementor-element-b3016cb elementor-widget elementor-widget-text-editor\" data-id=\"b3016cb\" data-element_type=\"widget\" data-widget_type=\"text-editor.default\">\n\t\t\t\t<div class=\"elementor-widget-container\">\n\t\t\t\t\t\t\t<p>The Giuseppe Tartini Italian Community of Piran was established as a natural continuation of the former CIC (Italian Cultural Circle), founded immediately after the war (1946) with the aim of safeguarding and protecting the Italian language and culture. The CIC played a fundamental role in promoting and passing on the artistic, cultural and social heritage of the Italian community, which suddenly found itself in a minority after having represented the majority of the population until the Istrian exodus of the 1950s.<br \/>The institution distinguished itself in particular for promoting amateur dramatics, which was already taking place within Casa Tartini, and for its intense collaboration with local schools, working hard to ensure that new generations did not lose touch with the language and culture of their ancestors. After Slovenia gained independence from Yugoslavia in 1991, the Italian Community formally organised itself as a non-profit cultural association, maintaining its mission to defend and promote Italian culture, history and traditions within Slovenian Istria.<\/p>\t\t\t\t\t\t<\/div>\n\t\t\t\t<\/div>\n\t\t\t\t<div class=\"elementor-element elementor-element-e8ece2f elementor-widget elementor-widget-image\" data-id=\"e8ece2f\" data-element_type=\"widget\" data-widget_type=\"image.default\">\n\t\t\t\t<div class=\"elementor-widget-container\">\n\t\t\t\t\t\t\t\t\t\t\t\t\t<img loading=\"lazy\" decoding=\"async\" width=\"1024\" height=\"768\" src=\"https:\/\/casatartini.com\/wp-content\/uploads\/biblioteca_Diego_de_Castro.jpg\" class=\"attachment-full size-full wp-image-609\" alt=\"\" srcset=\"https:\/\/casatartini.com\/wp-content\/uploads\/biblioteca_Diego_de_Castro.jpg 1024w, https:\/\/casatartini.com\/wp-content\/uploads\/biblioteca_Diego_de_Castro-500x375.jpg 500w, https:\/\/casatartini.com\/wp-content\/uploads\/biblioteca_Diego_de_Castro-300x225.jpg 300w, https:\/\/casatartini.com\/wp-content\/uploads\/biblioteca_Diego_de_Castro-768x576.jpg 768w, https:\/\/casatartini.com\/wp-content\/uploads\/biblioteca_Diego_de_Castro-100x75.jpg 100w, https:\/\/casatartini.com\/wp-content\/uploads\/biblioteca_Diego_de_Castro-960x720.jpg 960w, https:\/\/casatartini.com\/wp-content\/uploads\/biblioteca_Diego_de_Castro-480x360.jpg 480w\" sizes=\"(max-width:767px) 480px, (max-width:1024px) 100vw, 1024px\" \/>\t\t\t\t\t\t\t\t\t\t\t\t\t<\/div>\n\t\t\t\t<\/div>\n\t\t\t\t\t<\/div>\n\t\t\t\t<\/div>\n\t\t\t\t<\/div>","protected":false},"excerpt":{"rendered":"<p>Casa Tartini: come nasce La casa natale di Giuseppe Tartini si trova nella piazza principale della citt\u00e0 di Pirano a lui dedicata, ed \u00e8 stata costruita<span class=\"excerpt-hellip\"> [\u2026]<\/span><\/p>","protected":false},"author":1,"featured_media":0,"parent":0,"menu_order":0,"comment_status":"open","ping_status":"closed","template":"","meta":{"footnotes":""},"class_list":["post-593","page","type-page","status-publish","hentry"],"_links":{"self":[{"href":"https:\/\/casatartini.com\/en\/wp-json\/wp\/v2\/pages\/593","targetHints":{"allow":["GET"]}}],"collection":[{"href":"https:\/\/casatartini.com\/en\/wp-json\/wp\/v2\/pages"}],"about":[{"href":"https:\/\/casatartini.com\/en\/wp-json\/wp\/v2\/types\/page"}],"author":[{"embeddable":true,"href":"https:\/\/casatartini.com\/en\/wp-json\/wp\/v2\/users\/1"}],"replies":[{"embeddable":true,"href":"https:\/\/casatartini.com\/en\/wp-json\/wp\/v2\/comments?post=593"}],"version-history":[{"count":43,"href":"https:\/\/casatartini.com\/en\/wp-json\/wp\/v2\/pages\/593\/revisions"}],"predecessor-version":[{"id":695,"href":"https:\/\/casatartini.com\/en\/wp-json\/wp\/v2\/pages\/593\/revisions\/695"}],"wp:attachment":[{"href":"https:\/\/casatartini.com\/en\/wp-json\/wp\/v2\/media?parent=593"}],"curies":[{"name":"wp","href":"https:\/\/api.w.org\/{rel}","templated":true}]}}